{"id":561,"date":"2019-12-16T18:52:21","date_gmt":"2019-12-16T18:52:21","guid":{"rendered":"http:\/\/chiaras.at\/?page_id=561"},"modified":"2023-01-18T09:55:08","modified_gmt":"2023-01-18T08:55:08","slug":"kontakt","status":"publish","type":"page","link":"https:\/\/chiaras.at\/home\/kontakt\/","title":{"rendered":"KONTAKT"},"content":{"rendered":"<p><div class=\"fusion-bg-parallax\" data-bg-align=\"center center\" data-direction=\"down\" data-mute=\"false\" data-opacity=\"100\" data-velocity=\"-0.3\" data-mobile-enabled=\"false\" data-break_parents=\"0\" data-bg-image=\"http:\/\/chiaras.at\/wp-content\/uploads\/2022\/06\/210305_CHIARAS_12_by-raphaelsturm.jpg\" data-bg-repeat=\"false\" data-bg-color=\"var(--awb-color8)\" data-bg-gradient-type=\"linear\" data-bg-gradient-angle=\"180\" data-bg-gradient-start-color=\"rgba(255,255,255,0)\" data-bg-gradient-start-position=\"39\" data-bg-gradient-end-color=\"rgba(255,255,255,0.12)\" data-bg-gradient-end-position=\"40\" data-bg-radial-direction=\"center center\" ><\/div><div class=\"fusion-fullwidth fullwidth-box fusion-builder-row-1 fusion-flex-container has-pattern-background has-mask-background fusion-parallax-down nonhundred-percent-fullwidth hundred-percent-height hundred-percent-height-center-content non-hundred-percent-height-scrolling lazyload\" style=\"--awb-border-radius-top-left:0px;--awb-border-radius-top-right:0px;--awb-border-radius-bottom-right:0px;--awb-border-radius-bottom-left:0px;--awb-padding-top:13%;--awb-padding-bottom:0%;--awb-margin-bottom:0%;--awb-background-color:var(--awb-color8);--awb-background-image:linear-gradient(180deg, rgba(255,255,255,0) 39%,rgba(255,255,255,0.12) 40%);;--awb-background-size:cover;\" data-bg=\"http:\/\/chiaras.at\/wp-content\/uploads\/2022\/06\/210305_CHIARAS_12_by-raphaelsturm.jpg\" data-bg-gradient=\"linear-gradient(180deg, rgba(255,255,255,0) 39%,rgba(255,255,255,0.12) 40%)\" ><div class=\"fusion-builder-row fusion-row fusion-flex-align-items-flex-start\" style=\"max-width:calc( 1375px + 0px );margin-left: calc(-0px \/ 2 );margin-right: calc(-0px \/ 2 );\"><\/div><\/div><div class=\"fusion-fullwidth fullwidth-box fusion-builder-row-2 fusion-flex-container nonhundred-percent-fullwidth non-hundred-percent-height-scrolling\" style=\"--awb-border-radius-top-left:0px;--awb-border-radius-top-right:0px;--awb-border-radius-bottom-right:0px;--awb-border-radius-bottom-left:0px;--awb-padding-bottom:0px;--awb-padding-top-small:220.46875px;--awb-margin-top:-300px;--awb-margin-top-small:15px;\" ><div class=\"fusion-builder-row fusion-row fusion-flex-align-items-stretch\" style=\"max-width:calc( 1375px + 0px );margin-left: calc(-0px \/ 2 );margin-right: calc(-0px \/ 2 );\"><div class=\"fusion-layout-column fusion_builder_column fusion-builder-column-0 fusion_builder_column_1_2 1_2 fusion-flex-column fusion-animated\" style=\"--awb-bg-position:center center;--awb-bg-size:cover;--awb-width-large:50%;--awb-margin-top-large:0px;--awb-spacing-right-large:0;--awb-margin-bottom-large:0px;--awb-spacing-left-large:0;--awb-width-medium:100%;--awb-spacing-right-medium:0;--awb-spacing-left-medium:0;--awb-width-small:100%;--awb-spacing-right-small:0;--awb-spacing-left-small:0;\" data-animationType=\"fadeIn\" data-animationDuration=\"1.0\" data-animationOffset=\"top-into-view\"><div class=\"fusion-column-wrapper lazyload fusion-column-has-shadow fusion-flex-justify-content-flex-start fusion-content-layout-column\" data-bg-url=\"http:\/\/chiaras.at\/wp-content\/uploads\/2022\/06\/210305_CHIARAS_19_by-raphaelsturm.jpg\" data-bg=\"http:\/\/chiaras.at\/wp-content\/uploads\/2022\/06\/210305_CHIARAS_19_by-raphaelsturm.jpg\"><div class=\"fusion-separator fusion-no-large-visibility fusion-full-width-sep\" style=\"align-self: center;margin-left: auto;margin-right: auto;margin-top:30vw;margin-bottom:30vw;width:100%;\"><\/div><\/div><\/div><div class=\"fusion-layout-column fusion_builder_column fusion-builder-column-1 fusion_builder_column_1_2 1_2 fusion-flex-column fusion-column-inner-bg-wrapper fusion-column-hover-type-liftup fusion-column-liftup-border fusion-animated\" style=\"--awb-padding-top:20%;--awb-padding-right:20%;--awb-padding-bottom:20%;--awb-padding-left:20%;--awb-inner-bg-color:var(--awb-color8);--awb-inner-bg-color-hover:var(--awb-color8);--awb-inner-bg-position:center top;--awb-inner-bg-size:cover;--awb-width-large:50%;--awb-margin-top-large:0px;--awb-spacing-right-large:0;--awb-margin-bottom-large:0px;--awb-spacing-left-large:0;--awb-width-medium:100%;--awb-spacing-right-medium:0;--awb-spacing-left-medium:0;--awb-width-small:100%;--awb-spacing-right-small:0;--awb-spacing-left-small:0;\" data-animationType=\"fadeIn\" data-animationDuration=\"0.6\" data-animationOffset=\"top-into-view\"><span class=\"fusion-column-inner-bg hover-type-liftup\"><span class=\"fusion-column-anchor\"><span class=\"fusion-column-inner-bg-image\"><\/span><\/span><\/span><div class=\"fusion-column-wrapper fusion-flex-justify-content-flex-start fusion-content-layout-column\"><div class=\"fusion-title title fusion-title-1 fusion-sep-none fusion-title-text fusion-title-size-six\" style=\"--awb-text-color:var(--awb-color2);--awb-margin-bottom:6%;--awb-font-size:16px;\"><h6 class=\"title-heading-left fusion-responsive-typography-calculated\" style=\"margin:0;font-size:1em;--fontSize:16;--minFontSize:16;line-height:var(--awb-typography2-line-height);\">MELDEN SIE SICH<\/h6><\/div><div class=\"fusion-title title fusion-title-2 fusion-sep-none fusion-title-text fusion-title-size-three\" style=\"--awb-text-color:var(--awb-color1);--awb-margin-bottom:6%;--awb-font-size:55px;\"><h3 class=\"title-heading-left fusion-responsive-typography-calculated\" style=\"font-family:&quot;Montserrat&quot;;font-style:normal;font-weight:500;margin:0;font-size:1em;--fontSize:55;line-height:1.6;\">Kontakt<\/h3><\/div><div class=\"fusion-separator\" style=\"align-self: flex-start;margin-right:auto;margin-top:13%;margin-bottom:10%;width:100%;max-width:70px;\"><div class=\"fusion-separator-border sep-single sep-solid\" style=\"--awb-height:20px;--awb-amount:20px;border-color:var(--awb-color2);border-top-width:1px;\"><\/div><\/div><div class=\"fusion-text fusion-text-1\"><p style=\"color: #ffffff; text-align: left;\">Wir freuen uns immer, wenn wir von Ihnen h\u00f6ren!<\/p>\n<p style=\"color: #ffffff;\">Vereinbaren Sie einfach schnell und unkompliziert Ihren Termin per Mail oder telefonisch.<\/p>\n<\/div><div class=\"fusion-separator\" style=\"align-self: center;margin-left: auto;margin-right: auto;margin-bottom:6%;width:100%;max-width:70px;\"><\/div><\/div><\/div><div class=\"fusion-layout-column fusion_builder_column fusion-builder-column-2 fusion_builder_column_1_1 1_1 fusion-flex-column fusion-flex-align-self-flex-start fusion-column-no-min-height\" style=\"--awb-bg-size:cover;--awb-width-large:100%;--awb-margin-top-large:0px;--awb-spacing-right-large:0;--awb-margin-bottom-large:0px;--awb-spacing-left-large:0;--awb-width-medium:100%;--awb-spacing-right-medium:0;--awb-spacing-left-medium:0;--awb-width-small:100%;--awb-spacing-right-small:0;--awb-spacing-left-small:0;\"><div class=\"fusion-column-wrapper fusion-column-has-shadow fusion-flex-justify-content-flex-start fusion-content-layout-column\"><div class=\"fusion-separator fusion-full-width-sep\" style=\"align-self: center;margin-left: auto;margin-right: auto;margin-bottom:60px;width:100%;\"><\/div><\/div><\/div><\/div><\/div><div class=\"fusion-fullwidth fullwidth-box fusion-builder-row-3 fusion-flex-container nonhundred-percent-fullwidth non-hundred-percent-height-scrolling\" style=\"--awb-border-radius-top-left:0px;--awb-border-radius-top-right:0px;--awb-border-radius-bottom-right:0px;--awb-border-radius-bottom-left:0px;--awb-padding-bottom:0px;--awb-margin-top:-300px;\" ><div class=\"fusion-builder-row fusion-row fusion-flex-align-items-stretch\" style=\"max-width:calc( 1375px + 0px );margin-left: calc(-0px \/ 2 );margin-right: calc(-0px \/ 2 );\"><div class=\"fusion-layout-column fusion_builder_column fusion-builder-column-3 fusion_builder_column_1_1 1_1 fusion-flex-column fusion-flex-align-self-flex-start fusion-column-no-min-height\" style=\"--awb-bg-size:cover;--awb-width-large:100%;--awb-margin-top-large:0px;--awb-spacing-right-large:0;--awb-margin-bottom-large:0px;--awb-spacing-left-large:0;--awb-width-medium:100%;--awb-spacing-right-medium:0;--awb-spacing-left-medium:0;--awb-width-small:100%;--awb-spacing-right-small:0;--awb-spacing-left-small:0;\"><div class=\"fusion-column-wrapper fusion-column-has-shadow fusion-flex-justify-content-flex-start fusion-content-layout-column\"><div class=\"fusion-separator fusion-full-width-sep\" style=\"align-self: center;margin-left: auto;margin-right: auto;margin-bottom:60px;width:100%;\"><\/div><\/div><\/div><\/div><\/div><\/p>\n","protected":false},"excerpt":{"rendered":"","protected":false},"author":1,"featured_media":0,"parent":0,"menu_order":0,"comment_status":"closed","ping_status":"closed","template":"100-width.php","meta":{"footnotes":""},"class_list":["post-561","page","type-page","status-publish","hentry"],"yoast_head":"<!-- This site is optimized with the Yoast SEO plugin v20.8 - https:\/\/yoast.com\/wordpress\/plugins\/seo\/ -->\n<title>KONTAKT - CHIARA&#039;S<\/title>\n<meta name=\"description\" content=\"Das Wohlf\u00fchlen in der eigenen Haut unser oberstes Ziel. Unser ganzheitlicher Ansatz unterst\u00fctzt Sie Au\u00dfen nach Innen \u2013 sch\u00f6n f\u00fchlen auf ganzer L\u00e4nge.\" \/>\n<meta name=\"robots\" content=\"index, follow, max-snippet:-1, max-image-preview:large, max-video-preview:-1\" \/>\n<link rel=\"canonical\" href=\"https:\/\/chiaras.at\/home\/kontakt\/\" \/>\n<meta property=\"og:locale\" content=\"de_DE\" \/>\n<meta property=\"og:type\" content=\"article\" \/>\n<meta property=\"og:title\" content=\"KONTAKT - CHIARA&#039;S\" \/>\n<meta property=\"og:description\" content=\"Das Wohlf\u00fchlen in der eigenen Haut unser oberstes Ziel. Unser ganzheitlicher Ansatz unterst\u00fctzt Sie Au\u00dfen nach Innen \u2013 sch\u00f6n f\u00fchlen auf ganzer L\u00e4nge.\" \/>\n<meta property=\"og:url\" content=\"https:\/\/chiaras.at\/home\/kontakt\/\" \/>\n<meta property=\"og:site_name\" content=\"CHIARA&#039;S\" \/>\n<meta property=\"article:modified_time\" content=\"2023-01-18T08:55:08+00:00\" \/>\n<meta name=\"twitter:card\" content=\"summary_large_image\" \/>\n<meta name=\"twitter:label1\" content=\"Gesch\u00e4tzte Lesezeit\" \/>\n\t<meta name=\"twitter:data1\" content=\"5\u00a0Minuten\" \/>\n<script type=\"application\/ld+json\" class=\"yoast-schema-graph\">{\"@context\":\"https:\/\/schema.org\",\"@graph\":[{\"@type\":\"WebPage\",\"@id\":\"https:\/\/chiaras.at\/home\/kontakt\/\",\"url\":\"https:\/\/chiaras.at\/home\/kontakt\/\",\"name\":\"KONTAKT - CHIARA&#039;S\",\"isPartOf\":{\"@id\":\"https:\/\/chiaras.at\/home\/#website\"},\"datePublished\":\"2019-12-16T18:52:21+00:00\",\"dateModified\":\"2023-01-18T08:55:08+00:00\",\"description\":\"Das Wohlf\u00fchlen in der eigenen Haut unser oberstes Ziel. Unser ganzheitlicher Ansatz unterst\u00fctzt Sie Au\u00dfen nach Innen \u2013 sch\u00f6n f\u00fchlen auf ganzer L\u00e4nge.\",\"breadcrumb\":{\"@id\":\"https:\/\/chiaras.at\/home\/kontakt\/#breadcrumb\"},\"inLanguage\":\"de\",\"potentialAction\":[{\"@type\":\"ReadAction\",\"target\":[\"https:\/\/chiaras.at\/home\/kontakt\/\"]}]},{\"@type\":\"BreadcrumbList\",\"@id\":\"https:\/\/chiaras.at\/home\/kontakt\/#breadcrumb\",\"itemListElement\":[{\"@type\":\"ListItem\",\"position\":1,\"name\":\"Startseite\",\"item\":\"https:\/\/chiaras.at\/home\/\"},{\"@type\":\"ListItem\",\"position\":2,\"name\":\"KONTAKT\"}]},{\"@type\":\"WebSite\",\"@id\":\"https:\/\/chiaras.at\/home\/#website\",\"url\":\"https:\/\/chiaras.at\/home\/\",\"name\":\"CHIARA&#039;S\",\"description\":\"Deamakosmetik &amp; Mehr\",\"potentialAction\":[{\"@type\":\"SearchAction\",\"target\":{\"@type\":\"EntryPoint\",\"urlTemplate\":\"https:\/\/chiaras.at\/home\/?s={search_term_string}\"},\"query-input\":\"required name=search_term_string\"}],\"inLanguage\":\"de\"}]}<\/script>\n<!-- \/ Yoast SEO plugin. -->","yoast_head_json":{"title":"KONTAKT - CHIARA&#039;S","description":"Das Wohlf\u00fchlen in der eigenen Haut unser oberstes Ziel. Unser ganzheitlicher Ansatz unterst\u00fctzt Sie Au\u00dfen nach Innen \u2013 sch\u00f6n f\u00fchlen auf ganzer L\u00e4nge.","robots":{"index":"index","follow":"follow","max-snippet":"max-snippet:-1","max-image-preview":"max-image-preview:large","max-video-preview":"max-video-preview:-1"},"canonical":"https:\/\/chiaras.at\/home\/kontakt\/","og_locale":"de_DE","og_type":"article","og_title":"KONTAKT - CHIARA&#039;S","og_description":"Das Wohlf\u00fchlen in der eigenen Haut unser oberstes Ziel. Unser ganzheitlicher Ansatz unterst\u00fctzt Sie Au\u00dfen nach Innen \u2013 sch\u00f6n f\u00fchlen auf ganzer L\u00e4nge.","og_url":"https:\/\/chiaras.at\/home\/kontakt\/","og_site_name":"CHIARA&#039;S","article_modified_time":"2023-01-18T08:55:08+00:00","twitter_card":"summary_large_image","twitter_misc":{"Gesch\u00e4tzte Lesezeit":"5\u00a0Minuten"},"schema":{"@context":"https:\/\/schema.org","@graph":[{"@type":"WebPage","@id":"https:\/\/chiaras.at\/home\/kontakt\/","url":"https:\/\/chiaras.at\/home\/kontakt\/","name":"KONTAKT - CHIARA&#039;S","isPartOf":{"@id":"https:\/\/chiaras.at\/home\/#website"},"datePublished":"2019-12-16T18:52:21+00:00","dateModified":"2023-01-18T08:55:08+00:00","description":"Das Wohlf\u00fchlen in der eigenen Haut unser oberstes Ziel. Unser ganzheitlicher Ansatz unterst\u00fctzt Sie Au\u00dfen nach Innen \u2013 sch\u00f6n f\u00fchlen auf ganzer L\u00e4nge.","breadcrumb":{"@id":"https:\/\/chiaras.at\/home\/kontakt\/#breadcrumb"},"inLanguage":"de","potentialAction":[{"@type":"ReadAction","target":["https:\/\/chiaras.at\/home\/kontakt\/"]}]},{"@type":"BreadcrumbList","@id":"https:\/\/chiaras.at\/home\/kontakt\/#breadcrumb","itemListElement":[{"@type":"ListItem","position":1,"name":"Startseite","item":"https:\/\/chiaras.at\/home\/"},{"@type":"ListItem","position":2,"name":"KONTAKT"}]},{"@type":"WebSite","@id":"https:\/\/chiaras.at\/home\/#website","url":"https:\/\/chiaras.at\/home\/","name":"CHIARA&#039;S","description":"Deamakosmetik &amp; Mehr","potentialAction":[{"@type":"SearchAction","target":{"@type":"EntryPoint","urlTemplate":"https:\/\/chiaras.at\/home\/?s={search_term_string}"},"query-input":"required name=search_term_string"}],"inLanguage":"de"}]}},"_links":{"self":[{"href":"https:\/\/chiaras.at\/home\/wp-json\/wp\/v2\/pages\/561","targetHints":{"allow":["GET"]}}],"collection":[{"href":"https:\/\/chiaras.at\/home\/wp-json\/wp\/v2\/pages"}],"about":[{"href":"https:\/\/chiaras.at\/home\/wp-json\/wp\/v2\/types\/page"}],"author":[{"embeddable":true,"href":"https:\/\/chiaras.at\/home\/wp-json\/wp\/v2\/users\/1"}],"replies":[{"embeddable":true,"href":"https:\/\/chiaras.at\/home\/wp-json\/wp\/v2\/comments?post=561"}],"version-history":[{"count":10,"href":"https:\/\/chiaras.at\/home\/wp-json\/wp\/v2\/pages\/561\/revisions"}],"predecessor-version":[{"id":4457,"href":"https:\/\/chiaras.at\/home\/wp-json\/wp\/v2\/pages\/561\/revisions\/4457"}],"wp:attachment":[{"href":"https:\/\/chiaras.at\/home\/wp-json\/wp\/v2\/media?parent=561"}],"curies":[{"name":"wp","href":"https:\/\/api.w.org\/{rel}","templated":true}]}}